{"id":223,"date":"2024-12-16T15:43:44","date_gmt":"2024-12-16T14:43:44","guid":{"rendered":"https:\/\/pv-suspensiontech.com\/?page_id=223"},"modified":"2025-02-27T07:24:33","modified_gmt":"2025-02-27T06:24:33","slug":"kontakt","status":"publish","type":"page","link":"https:\/\/pv-suspensiontech.com\/da\/kontakt\/","title":{"rendered":"Kontakt"},"content":{"rendered":"<div data-elementor-type=\"wp-post\" data-elementor-id=\"223\" class=\"elementor elementor-223\" data-elementor-post-type=\"page\">\n\t\t\t\t<div data-particle_enable=\"false\" data-particle-mobile-disabled=\"false\" class=\"elementor-element elementor-element-11606389 e-flex e-con-boxed e-con e-parent\" data-id=\"11606389\" data-element_type=\"container\" data-settings=\"{&quot;background_background&quot;:&quot;classic&quot;,&quot;shape_divider_bottom&quot;:&quot;pyramids&quot;}\">\n\t\t\t\t\t<div class=\"e-con-inner\">\n\t\t\t\t<div class=\"elementor-shape elementor-shape-bottom\" data-negative=\"false\">\n\t\t\t<svg xmlns=\"http:\/\/www.w3.org\/2000\/svg\" viewbox=\"0 0 1000 100\" preserveaspectratio=\"none\">\n\t<path class=\"elementor-shape-fill\" d=\"M761.9,44.1L643.1,27.2L333.8,98L0,3.8V0l1000,0v3.9\"\/>\n<\/svg>\t\t<\/div>\n\t\t\t\t<div class=\"elementor-element elementor-element-2ef2351 elementor-widget elementor-widget-heading\" data-id=\"2ef2351\" data-element_type=\"widget\" data-widget_type=\"heading.default\">\n\t\t\t\t<div class=\"elementor-widget-container\">\n\t\t\t\t\t<h3 class=\"elementor-heading-title elementor-size-default\">Kontakt os \u2013 vi hj\u00e6lper dig og din cykel!<\/h3>\t\t\t\t<\/div>\n\t\t\t\t<\/div>\n\t\t\t\t\t<\/div>\n\t\t\t\t<\/div>\n\t\t<div data-particle_enable=\"false\" data-particle-mobile-disabled=\"false\" class=\"elementor-element elementor-element-43158098 e-con-full e-flex e-con e-parent\" data-id=\"43158098\" data-element_type=\"container\" data-settings=\"{&quot;background_background&quot;:&quot;classic&quot;}\">\n\t\t<div data-particle_enable=\"false\" data-particle-mobile-disabled=\"false\" class=\"elementor-element elementor-element-29d68a0d e-flex e-con-boxed e-con e-child\" data-id=\"29d68a0d\" data-element_type=\"container\">\n\t\t\t\t\t<div class=\"e-con-inner\">\n\t\t\t\t<div class=\"elementor-element elementor-element-734eb725 elementor-widget__width-inherit elementor-widget elementor-widget-heading\" data-id=\"734eb725\" data-element_type=\"widget\" data-widget_type=\"heading.default\">\n\t\t\t\t<div class=\"elementor-widget-container\">\n\t\t\t\t\t<h4 class=\"elementor-heading-title elementor-size-default\">Har du sp\u00f8rgsm\u00e5l om service, reparationer eller tuning af din mountainbike? <\/h4>\t\t\t\t<\/div>\n\t\t\t\t<\/div>\n\t\t\t\t<div class=\"elementor-element elementor-element-6f3a62d elementor-widget elementor-widget-text-editor\" data-id=\"6f3a62d\" data-element_type=\"widget\" data-widget_type=\"text-editor.default\">\n\t\t\t\t<div class=\"elementor-widget-container\">\n\t\t\t\t\t\t\t\t\t<p>Vil du booke en tid eller f\u00e5 personlig r\u00e5dgivning? <br \/>Kontakt os via telefon, e-mail eller udfyld vores kontaktformular, s\u00e5 vender vi tilbage til dig hurtigst muligt.<\/p>\t\t\t\t\t\t\t\t<\/div>\n\t\t\t\t<\/div>\n\t\t\t\t\t<\/div>\n\t\t\t\t<\/div>\n\t\t\t\t<\/div>\n\t\t<div data-particle_enable=\"false\" data-particle-mobile-disabled=\"false\" class=\"elementor-element elementor-element-NLaOxnp e-flex e-con-boxed e-con e-parent\" data-id=\"NLaOxnp\" data-element_type=\"container\">\n\t\t\t\t\t<div class=\"e-con-inner\">\n\t\t<div data-particle_enable=\"false\" data-particle-mobile-disabled=\"false\" class=\"elementor-element elementor-element-VwJIxb4 e-con-full e-flex e-con e-child\" data-id=\"VwJIxb4\" data-element_type=\"container\">\n\t\t\t\t<div class=\"elementor-element elementor-element-5f25653 elementor-widget elementor-widget-text-editor\" data-id=\"5f25653\" data-element_type=\"widget\" data-widget_type=\"text-editor.default\">\n\t\t\t\t<div class=\"elementor-widget-container\">\n\t\t\t\t\t\t\t\t\t<h4><strong>S\u00e5dan n\u00e5r du os<\/strong><\/h4><p><strong>Telefon:<\/strong><br \/>\ud83d\udcde 536 458 28<br \/>Ring til os for hurtige svar p\u00e5 dine sp\u00f8rgsm\u00e5l eller for at booke service til din cykel.<\/p><p><strong>E-mail:<\/strong><br \/>\ud83d\udce7 <a href=\"mailto:info@pv-suspensiontech.com\">info@pv-suspensiontech.com<\/a><br \/>Send os en e-mail med dine sp\u00f8rgsm\u00e5l eller \u00f8nsker \u2013 vi svarer normalt inden for 24 timer.<\/p><p><strong>Adresse:<\/strong><br \/>\ud83c\udfe0 <span class=\"\">Kummelgatan 308, <\/span><span class=\"\">252 63 Raml\u00f6sa, Sverige.<\/span><\/p><p>Bes\u00f8g os i vores v\u00e6rksted for at aflevere din cykel eller for personlig r\u00e5dgivning.<\/p><p><strong>\u00c5bningstider:<\/strong><br \/>\u23f0 Mandag-fredag 08-16<br \/>Vi er til stede i vores \u00e5bningstider og ser frem til at hj\u00e6lpe dig.<\/p>\t\t\t\t\t\t\t\t<\/div>\n\t\t\t\t<\/div>\n\t\t\t\t<\/div>\n\t\t<div data-particle_enable=\"false\" data-particle-mobile-disabled=\"false\" class=\"elementor-element elementor-element-f8bff3c e-con-full e-flex e-con e-child\" data-id=\"f8bff3c\" data-element_type=\"container\">\n\t\t\t\t<div class=\"elementor-element elementor-element-ba4a167 elementor-button-align-stretch elementor-widget elementor-widget-form\" data-id=\"ba4a167\" data-element_type=\"widget\" data-settings=\"{&quot;step_next_label&quot;:&quot;Next&quot;,&quot;step_previous_label&quot;:&quot;Previous&quot;,&quot;button_width&quot;:&quot;60&quot;,&quot;step_type&quot;:&quot;number_text&quot;,&quot;step_icon_shape&quot;:&quot;circle&quot;}\" data-widget_type=\"form.default\">\n\t\t\t\t<div class=\"elementor-widget-container\">\n\t\t\t\t\t\t\t<form class=\"elementor-form\" method=\"post\" name=\"Kontaktsidan\" action=\"\">\n\t\t\t<input type=\"hidden\" name=\"post_id\" value=\"223\"\/>\n\t\t\t<input type=\"hidden\" name=\"form_id\" value=\"ba4a167\"\/>\n\t\t\t<input type=\"hidden\" name=\"referer_title\" value=\"Kontakt\" \/>\n\n\t\t\t\t\t\t\t<input type=\"hidden\" name=\"queried_id\" value=\"223\"\/>\n\t\t\t\n\t\t\t<div class=\"elementor-form-fields-wrapper elementor-labels-\">\n\t\t\t\t\t\t\t\t<div class=\"elementor-field-type-text elementor-field-group elementor-column elementor-field-group-field_906fb9b elementor-col-60 elementor-field-required\">\n\t\t\t\t\t\t\t\t\t\t\t\t<label for=\"form-field-field_906fb9b\" class=\"elementor-field-label elementor-screen-only\">\n\t\t\t\t\t\t\t\tNavn\t\t\t\t\t\t\t<\/label>\n\t\t\t\t\t\t\t\t\t\t\t\t\t\t<input size=\"1\" type=\"text\" name=\"form_fields[field_906fb9b]\" id=\"form-field-field_906fb9b\" class=\"elementor-field elementor-size-sm  elementor-field-textual\" placeholder=\"Navn\" required=\"required\" aria-required=\"true\">\n\t\t\t\t\t\t\t\t\t\t\t<\/div>\n\t\t\t\t\t\t\t\t<div class=\"elementor-field-type-email elementor-field-group elementor-column elementor-field-group-field_c9c8e0c elementor-col-60 elementor-field-required\">\n\t\t\t\t\t\t\t\t\t\t\t\t<label for=\"form-field-field_c9c8e0c\" class=\"elementor-field-label elementor-screen-only\">\n\t\t\t\t\t\t\t\tE-mail\t\t\t\t\t\t\t<\/label>\n\t\t\t\t\t\t\t\t\t\t\t\t\t\t<input size=\"1\" type=\"email\" name=\"form_fields[field_c9c8e0c]\" id=\"form-field-field_c9c8e0c\" class=\"elementor-field elementor-size-sm  elementor-field-textual\" placeholder=\"E-mail\" required=\"required\" aria-required=\"true\">\n\t\t\t\t\t\t\t\t\t\t\t<\/div>\n\t\t\t\t\t\t\t\t<div class=\"elementor-field-type-textarea elementor-field-group elementor-column elementor-field-group-field_98327f4 elementor-col-60 elementor-field-required\">\n\t\t\t\t\t\t\t\t\t\t\t\t<label for=\"form-field-field_98327f4\" class=\"elementor-field-label elementor-screen-only\">\n\t\t\t\t\t\t\t\tBesked\t\t\t\t\t\t\t<\/label>\n\t\t\t\t\t\t<textarea class=\"elementor-field-textual elementor-field  elementor-size-sm\" name=\"form_fields[field_98327f4]\" id=\"form-field-field_98327f4\" rows=\"4\" placeholder=\"Besked\" required=\"required\" aria-required=\"true\"><\/textarea>\t\t\t\t<\/div>\n\t\t\t\t\t\t\t\t<div class=\"elementor-field-type-recaptcha_v3 elementor-field-group elementor-column elementor-field-group-field_33a48c6 elementor-col-100 recaptcha_v3-bottomright\">\n\t\t\t\t\t<div class=\"elementor-field\" id=\"form-field-field_33a48c6\"><div class=\"elementor-g-recaptcha\" data-sitekey=\"6LfWmLYqAAAAAH-TYx3eo9nE3XKbmg1vzr8SMEZf\" data-type=\"v3\" data-action=\"Form\" data-badge=\"bottomright\" data-size=\"invisible\"><\/div><\/div>\t\t\t\t<\/div>\n\t\t\t\t\t\t\t\t<div class=\"elementor-field-group elementor-column elementor-field-type-submit elementor-col-60 e-form__buttons\">\n\t\t\t\t\t<button class=\"elementor-button elementor-size-sm\" type=\"submit\">\n\t\t\t\t\t\t<span class=\"elementor-button-content-wrapper\">\n\t\t\t\t\t\t\t\t\t\t\t\t\t\t\t\t\t\t\t\t\t\t<span class=\"elementor-button-text\">Send<\/span>\n\t\t\t\t\t\t\t\t\t\t\t\t\t<\/span>\n\t\t\t\t\t<\/button>\n\t\t\t\t<\/div>\n\t\t\t<\/div>\n\t\t<input type=\"hidden\" name=\"trp-form-language\" value=\"da\"\/><\/form>\n\t\t\t\t\t\t<\/div>\n\t\t\t\t<\/div>\n\t\t\t\t<\/div>\n\t\t\t\t\t<\/div>\n\t\t\t\t<\/div>\n\t\t<div data-particle_enable=\"false\" data-particle-mobile-disabled=\"false\" class=\"elementor-element elementor-element-5997f37 e-flex e-con-boxed e-con e-parent\" data-id=\"5997f37\" data-element_type=\"container\" data-settings=\"{&quot;background_background&quot;:&quot;video&quot;,&quot;background_video_link&quot;:&quot;https:\\\/\\\/youtu.be\\\/STadrB-lmbY&quot;,&quot;shape_divider_top&quot;:&quot;tilt&quot;,&quot;shape_divider_bottom&quot;:&quot;tilt&quot;,&quot;background_play_on_mobile&quot;:&quot;yes&quot;}\">\n\t\t\t\t\t<div class=\"e-con-inner\">\n\t\t<div class=\"elementor-background-video-container\">\n\t\t\t\t\t\t\t<div class=\"elementor-background-video-embed\"><\/div>\n\t\t\t\t\t\t<\/div>\t\t<div class=\"elementor-shape elementor-shape-top\" data-negative=\"false\">\n\t\t\t<svg xmlns=\"http:\/\/www.w3.org\/2000\/svg\" viewbox=\"0 0 1000 100\" preserveaspectratio=\"none\">\n\t<path class=\"elementor-shape-fill\" d=\"M0,6V0h1000v100L0,6z\"\/>\n<\/svg>\t\t<\/div>\n\t\t\t\t<div class=\"elementor-shape elementor-shape-bottom\" data-negative=\"false\">\n\t\t\t<svg xmlns=\"http:\/\/www.w3.org\/2000\/svg\" viewbox=\"0 0 1000 100\" preserveaspectratio=\"none\">\n\t<path class=\"elementor-shape-fill\" d=\"M0,6V0h1000v100L0,6z\"\/>\n<\/svg>\t\t<\/div>\n\t\t\t\t\t<\/div>\n\t\t\t\t<\/div>\n\t\t\t\t<\/div>","protected":false},"excerpt":{"rendered":"<p>Kontakta oss \u2013 vi hj\u00e4lper dig och din cykel! Har du fr\u00e5gor om service, reparationer eller tuning av din mountainbike? Vill du boka en tid eller f\u00e5 personlig r\u00e5dgivning? H\u00f6r av dig via telefon, e-post eller fyll i v\u00e5rt kontaktformul\u00e4r s\u00e5 \u00e5terkommer vi s\u00e5 snart som m\u00f6jligt. S\u00e5 n\u00e5r du oss Telefon:\ud83d\udcde 0761-79 75 02Ring [&hellip;]<\/p>","protected":false},"author":1,"featured_media":0,"parent":0,"menu_order":0,"comment_status":"closed","ping_status":"closed","template":"","meta":{"_monsterinsights_skip_tracking":false,"_monsterinsights_sitenote_active":false,"_monsterinsights_sitenote_note":"","_monsterinsights_sitenote_category":0,"footnotes":""},"class_list":["post-223","page","type-page","status-publish","hentry"],"_links":{"self":[{"href":"https:\/\/pv-suspensiontech.com\/da\/wp-json\/wp\/v2\/pages\/223","targetHints":{"allow":["GET"]}}],"collection":[{"href":"https:\/\/pv-suspensiontech.com\/da\/wp-json\/wp\/v2\/pages"}],"about":[{"href":"https:\/\/pv-suspensiontech.com\/da\/wp-json\/wp\/v2\/types\/page"}],"author":[{"embeddable":true,"href":"https:\/\/pv-suspensiontech.com\/da\/wp-json\/wp\/v2\/users\/1"}],"replies":[{"embeddable":true,"href":"https:\/\/pv-suspensiontech.com\/da\/wp-json\/wp\/v2\/comments?post=223"}],"version-history":[{"count":58,"href":"https:\/\/pv-suspensiontech.com\/da\/wp-json\/wp\/v2\/pages\/223\/revisions"}],"predecessor-version":[{"id":528,"href":"https:\/\/pv-suspensiontech.com\/da\/wp-json\/wp\/v2\/pages\/223\/revisions\/528"}],"wp:attachment":[{"href":"https:\/\/pv-suspensiontech.com\/da\/wp-json\/wp\/v2\/media?parent=223"}],"curies":[{"name":"wp","href":"https:\/\/api.w.org\/{rel}","templated":true}]}}