{"id":217,"date":"2024-12-16T15:39:45","date_gmt":"2024-12-16T14:39:45","guid":{"rendered":"https:\/\/pv-suspensiontech.com\/?page_id=217"},"modified":"2025-01-07T15:48:38","modified_gmt":"2025-01-07T14:48:38","slug":"om-oss","status":"publish","type":"page","link":"https:\/\/pv-suspensiontech.com\/da\/om-oss\/","title":{"rendered":"Om os"},"content":{"rendered":"<div data-elementor-type=\"wp-post\" data-elementor-id=\"217\" class=\"elementor elementor-217\" data-elementor-post-type=\"page\">\n\t\t\t\t<div data-particle_enable=\"false\" data-particle-mobile-disabled=\"false\" class=\"elementor-element elementor-element-11606389 e-flex e-con-boxed e-con e-parent\" data-id=\"11606389\" data-element_type=\"container\" data-settings=\"{&quot;background_background&quot;:&quot;classic&quot;,&quot;shape_divider_bottom&quot;:&quot;pyramids&quot;}\">\n\t\t\t\t\t<div class=\"e-con-inner\">\n\t\t\t\t<div class=\"elementor-shape elementor-shape-bottom\" data-negative=\"false\">\n\t\t\t<svg xmlns=\"http:\/\/www.w3.org\/2000\/svg\" viewbox=\"0 0 1000 100\" preserveaspectratio=\"none\">\n\t<path class=\"elementor-shape-fill\" d=\"M761.9,44.1L643.1,27.2L333.8,98L0,3.8V0l1000,0v3.9\"\/>\n<\/svg>\t\t<\/div>\n\t\t\t\t<div class=\"elementor-element elementor-element-2ef2351 elementor-widget elementor-widget-heading\" data-id=\"2ef2351\" data-element_type=\"widget\" data-widget_type=\"heading.default\">\n\t\t\t\t<div class=\"elementor-widget-container\">\n\t\t\t\t\t<h3 class=\"elementor-heading-title elementor-size-default\">Passion for MTB \u2013 Ekspertise til dine d\u00e6mpere<\/h3>\t\t\t\t<\/div>\n\t\t\t\t<\/div>\n\t\t\t\t\t<\/div>\n\t\t\t\t<\/div>\n\t\t<div data-particle_enable=\"false\" data-particle-mobile-disabled=\"false\" class=\"elementor-element elementor-element-43158098 e-con-full e-flex e-con e-parent\" data-id=\"43158098\" data-element_type=\"container\" data-settings=\"{&quot;background_background&quot;:&quot;classic&quot;}\">\n\t\t<div data-particle_enable=\"false\" data-particle-mobile-disabled=\"false\" class=\"elementor-element elementor-element-29d68a0d e-flex e-con-boxed e-con e-child\" data-id=\"29d68a0d\" data-element_type=\"container\">\n\t\t\t\t\t<div class=\"e-con-inner\">\n\t\t\t\t<div class=\"elementor-element elementor-element-734eb725 elementor-widget__width-inherit elementor-widget elementor-widget-heading\" data-id=\"734eb725\" data-element_type=\"widget\" data-widget_type=\"heading.default\">\n\t\t\t\t<div class=\"elementor-widget-container\">\n\t\t\t\t\t<h4 class=\"elementor-heading-title elementor-size-default\">Hos PV Suspension Tech Scandinavia er vi dedikerede cyklister, der br\u00e6nder for at hj\u00e6lpe dig med at f\u00e5 mest muligt ud af din mountainbike. Med lang erfaring og sans for detaljer tilbyder vi professionel service, tuning og reparationer, der l\u00f8fter din cykeloplevelse til n\u00e6ste niveau.<\/h4>\t\t\t\t<\/div>\n\t\t\t\t<\/div>\n\t\t\t\t\t<\/div>\n\t\t\t\t<\/div>\n\t\t\t\t<\/div>\n\t\t<div data-particle_enable=\"false\" data-particle-mobile-disabled=\"false\" class=\"elementor-element elementor-element-NLaOxnp e-flex e-con-boxed e-con e-parent\" data-id=\"NLaOxnp\" data-element_type=\"container\">\n\t\t\t\t\t<div class=\"e-con-inner\">\n\t\t<div data-particle_enable=\"false\" data-particle-mobile-disabled=\"false\" class=\"elementor-element elementor-element-VwJIxb4 e-con-full e-flex e-con e-child\" data-id=\"VwJIxb4\" data-element_type=\"container\">\n\t\t\t\t<div class=\"elementor-element elementor-element-84de053 elementor-widget elementor-widget-text-editor\" data-id=\"84de053\" data-element_type=\"widget\" data-widget_type=\"text-editor.default\">\n\t\t\t\t<div class=\"elementor-widget-container\">\n\t\t\t\t\t\t\t\t\t<p>Jeg grundlagde <strong>PV Suspension Tech Scandinavia<\/strong> med en enkel vision: at give cyklister adgang til kvalificerede tjenester for deres cykler, d\u00e6mpere og affjedringssystemer. Uanset om du k\u00f8rer p\u00e5 stier, i bikeparks eller konkurrerer p\u00e5 h\u00f8jt niveau, ved vi, at din cykel er mere end blot et transportmiddel \u2013 det er en del af din passion.<\/p><p>Med ekspertise inden for service af b\u00e5de forgafler og bagd\u00e6mpere, reparation af beskadigede komponenter og tuning for skr\u00e6ddersyet ydeevne, tilbyder vi l\u00f8sninger til alle typer cyklister. Vi arbejder med alle st\u00f8rre m\u00e6rker og modeller og bruger den nyeste teknologi for at sikre, at din cykel fungerer perfekt.<\/p><p>Vores m\u00e5l er at skabe tillid ved at levere f\u00f8rsteklasses arbejde og give dig den tryghed, du har brug for p\u00e5 sporet. Vi str\u00e6ber altid efter at overg\u00e5 dine forventninger \u2013 fra grundig diagnostik til personlig r\u00e5dgivning og hurtig service.<\/p>\t\t\t\t\t\t\t\t<\/div>\n\t\t\t\t<\/div>\n\t\t\t\t<div class=\"elementor-element elementor-element-51c013b elementor-widget elementor-widget-text-editor\" data-id=\"51c013b\" data-element_type=\"widget\" data-widget_type=\"text-editor.default\">\n\t\t\t\t<div class=\"elementor-widget-container\">\n\t\t\t\t\t\t\t\t\t<h3><strong>Hvorfor v\u00e6lge os?<\/strong><\/h3><ul><li><strong>Ekspertise:<\/strong> Vi har dyb viden om cykler, MTB-d\u00e6mpere og deres unikke behov.<\/li><li><strong>Kvalitet:<\/strong> Kun reservedele af h\u00f8j kvalitet og avancerede v\u00e6rkt\u00f8jer anvendes i vores arbejde.<\/li><li><strong>Passion:<\/strong> Jeg er selv cyklist og forst\u00e5r vigtigheden af en cykel i topform.<\/li><li><strong>Personlig service:<\/strong> Jeg lytter til dine behov og skr\u00e6ddersyr vores tjenester for at passe til dig.<\/li><\/ul>\t\t\t\t\t\t\t\t<\/div>\n\t\t\t\t<\/div>\n\t\t\t\t<\/div>\n\t\t\t\t\t<\/div>\n\t\t\t\t<\/div>\n\t\t<div data-particle_enable=\"false\" data-particle-mobile-disabled=\"false\" class=\"elementor-element elementor-element-5997f37 e-flex e-con-boxed e-con e-parent\" data-id=\"5997f37\" data-element_type=\"container\" data-settings=\"{&quot;background_background&quot;:&quot;video&quot;,&quot;background_video_link&quot;:&quot;https:\\\/\\\/youtu.be\\\/STadrB-lmbY&quot;,&quot;shape_divider_top&quot;:&quot;tilt&quot;,&quot;shape_divider_bottom&quot;:&quot;tilt&quot;,&quot;background_play_on_mobile&quot;:&quot;yes&quot;}\">\n\t\t\t\t\t<div class=\"e-con-inner\">\n\t\t<div class=\"elementor-background-video-container\">\n\t\t\t\t\t\t\t<div class=\"elementor-background-video-embed\"><\/div>\n\t\t\t\t\t\t<\/div>\t\t<div class=\"elementor-shape elementor-shape-top\" data-negative=\"false\">\n\t\t\t<svg xmlns=\"http:\/\/www.w3.org\/2000\/svg\" viewbox=\"0 0 1000 100\" preserveaspectratio=\"none\">\n\t<path class=\"elementor-shape-fill\" d=\"M0,6V0h1000v100L0,6z\"\/>\n<\/svg>\t\t<\/div>\n\t\t\t\t<div class=\"elementor-shape elementor-shape-bottom\" data-negative=\"false\">\n\t\t\t<svg xmlns=\"http:\/\/www.w3.org\/2000\/svg\" viewbox=\"0 0 1000 100\" preserveaspectratio=\"none\">\n\t<path class=\"elementor-shape-fill\" d=\"M0,6V0h1000v100L0,6z\"\/>\n<\/svg>\t\t<\/div>\n\t\t\t\t\t<\/div>\n\t\t\t\t<\/div>\n\t\t\t\t<\/div>","protected":false},"excerpt":{"rendered":"<p>Passion f\u00f6r MTB \u2013 Expertis f\u00f6r dina d\u00e4mpare P\u00e5 Pv Suspension Tech Scandinavia \u00e4r vi h\u00e4ngivna cyklister som brinner f\u00f6r att hj\u00e4lpa dig f\u00e5 ut det mesta av din mountainbike. Med l\u00e5ng erfarenhet och en k\u00e4nsla f\u00f6r detaljer erbjuder vi professionell service, tuning och reparationer som tar din cykelupplevelse till n\u00e4sta niv\u00e5. Jag grundade Pv [&hellip;]<\/p>","protected":false},"author":1,"featured_media":0,"parent":0,"menu_order":0,"comment_status":"closed","ping_status":"closed","template":"","meta":{"_monsterinsights_skip_tracking":false,"_monsterinsights_sitenote_active":false,"_monsterinsights_sitenote_note":"","_monsterinsights_sitenote_category":0,"footnotes":""},"class_list":["post-217","page","type-page","status-publish","hentry"],"_links":{"self":[{"href":"https:\/\/pv-suspensiontech.com\/da\/wp-json\/wp\/v2\/pages\/217","targetHints":{"allow":["GET"]}}],"collection":[{"href":"https:\/\/pv-suspensiontech.com\/da\/wp-json\/wp\/v2\/pages"}],"about":[{"href":"https:\/\/pv-suspensiontech.com\/da\/wp-json\/wp\/v2\/types\/page"}],"author":[{"embeddable":true,"href":"https:\/\/pv-suspensiontech.com\/da\/wp-json\/wp\/v2\/users\/1"}],"replies":[{"embeddable":true,"href":"https:\/\/pv-suspensiontech.com\/da\/wp-json\/wp\/v2\/comments?post=217"}],"version-history":[{"count":22,"href":"https:\/\/pv-suspensiontech.com\/da\/wp-json\/wp\/v2\/pages\/217\/revisions"}],"predecessor-version":[{"id":401,"href":"https:\/\/pv-suspensiontech.com\/da\/wp-json\/wp\/v2\/pages\/217\/revisions\/401"}],"wp:attachment":[{"href":"https:\/\/pv-suspensiontech.com\/da\/wp-json\/wp\/v2\/media?parent=217"}],"curies":[{"name":"wp","href":"https:\/\/api.w.org\/{rel}","templated":true}]}}